{"id":72759,"date":"2026-02-25T13:12:01","date_gmt":"2026-02-25T13:12:01","guid":{"rendered":"https:\/\/www.elsuenoanimado.com\/index.php\/producto\/cantimplora-aluminio-sonic-500ml\/"},"modified":"2026-02-25T13:12:01","modified_gmt":"2026-02-25T13:12:01","slug":"cantimplora-aluminio-sonic-500ml","status":"publish","type":"product","link":"https:\/\/www.elsuenoanimado.com\/index.php\/producto\/cantimplora-aluminio-sonic-500ml\/","title":{"rendered":"Cantimplora aluminio Sonic 500ml"},"content":{"rendered":"<p>Botella fabricada en aluminio, con la que los ni\u00f1os podr\u00e1n beber de forma c\u00f3moda y segura, gracias a su boquilla y tap\u00f3n de seguridad que evitar\u00e1 salpicaduras y derrames accidentales. El cuerpo va decorado con originales dise\u00f1os basados en algunos de los personajes principales de sus series favoritas, lo que har\u00e1 que los m\u00e1s peque\u00f1os de la casa quieran llev\u00e1rsela a cualquier parte.    &#8211; Fabricada en aluminio  &#8211; Tap\u00f3n de seguridad  &#8211; Capacidad: 500 ml  &#8211; Licencias Oficiales                                                                                                                                                                                                                                                                                                                                                                                                                                                                                                                                                                                                                                                                                                                                                                                                                                                                                                                                                                                                                                        <\/p>\n","protected":false},"excerpt":{"rendered":"<p>Cantimplora aluminio Sonic 500ml<\/p>\n","protected":false},"featured_media":76591,"comment_status":"open","ping_status":"closed","template":"","meta":[],"product_brand":[],"product_cat":[3305],"product_tag":[3018],"class_list":{"0":"post-72759","1":"product","2":"type-product","3":"status-publish","4":"has-post-thumbnail","6":"product_cat-complementos_infantil_botellas_y_tuppers","7":"product_tag-sonic","8":"thunk-woo-product-list","9":"open-woo-hover-zoom","10":"open-single-product-tab-horizontal","11":"open-shadow-","12":"open-shadow-hover-","14":"first","15":"instock","16":"shipping-taxable","17":"purchasable","18":"product-type-simple"},"yoast_head":"<!-- This site is optimized with the Yoast SEO plugin v27.3 - https:\/\/yoast.com\/product\/yoast-seo-wordpress\/ -->\n<title>Cantimplora aluminio Sonic 500ml - El Sueno Animado<\/title>\n<meta name=\"robots\" content=\"index, follow, max-snippet:-1, max-image-preview:large, max-video-preview:-1\" \/>\n<link rel=\"canonical\" href=\"https:\/\/www.elsuenoanimado.com\/index.php\/producto\/cantimplora-aluminio-sonic-500ml\/\" \/>\n<meta property=\"og:locale\" content=\"es_ES\" \/>\n<meta property=\"og:type\" content=\"article\" \/>\n<meta property=\"og:title\" content=\"Cantimplora aluminio Sonic 500ml - El Sueno Animado\" \/>\n<meta property=\"og:description\" content=\"Cantimplora aluminio Sonic 500ml\" \/>\n<meta property=\"og:url\" content=\"https:\/\/www.elsuenoanimado.com\/index.php\/producto\/cantimplora-aluminio-sonic-500ml\/\" \/>\n<meta property=\"og:site_name\" content=\"El Sueno Animado\" \/>\n<meta property=\"article:publisher\" content=\"https:\/\/www.facebook.com\/elsuenoanimado\" \/>\n<meta name=\"twitter:card\" content=\"summary_large_image\" \/>\n<script type=\"application\/ld+json\" class=\"yoast-schema-graph\">{\"@context\":\"https:\\\/\\\/schema.org\",\"@graph\":[{\"@type\":\"WebPage\",\"@id\":\"https:\\\/\\\/www.elsuenoanimado.com\\\/index.php\\\/producto\\\/cantimplora-aluminio-sonic-500ml\\\/\",\"url\":\"https:\\\/\\\/www.elsuenoanimado.com\\\/index.php\\\/producto\\\/cantimplora-aluminio-sonic-500ml\\\/\",\"name\":\"Cantimplora aluminio Sonic 500ml - El Sueno Animado\",\"isPartOf\":{\"@id\":\"https:\\\/\\\/www.elsuenoanimado.com\\\/#website\"},\"primaryImageOfPage\":{\"@id\":\"https:\\\/\\\/www.elsuenoanimado.com\\\/index.php\\\/producto\\\/cantimplora-aluminio-sonic-500ml\\\/#primaryimage\"},\"image\":{\"@id\":\"https:\\\/\\\/www.elsuenoanimado.com\\\/index.php\\\/producto\\\/cantimplora-aluminio-sonic-500ml\\\/#primaryimage\"},\"thumbnailUrl\":\"https:\\\/\\\/www.elsuenoanimado.com\\\/wp-content\\\/uploads\\\/1003226.jpg\",\"datePublished\":\"2026-02-25T13:12:01+00:00\",\"breadcrumb\":{\"@id\":\"https:\\\/\\\/www.elsuenoanimado.com\\\/index.php\\\/producto\\\/cantimplora-aluminio-sonic-500ml\\\/#breadcrumb\"},\"inLanguage\":\"es\",\"potentialAction\":[{\"@type\":\"ReadAction\",\"target\":[\"https:\\\/\\\/www.elsuenoanimado.com\\\/index.php\\\/producto\\\/cantimplora-aluminio-sonic-500ml\\\/\"]}]},{\"@type\":\"ImageObject\",\"inLanguage\":\"es\",\"@id\":\"https:\\\/\\\/www.elsuenoanimado.com\\\/index.php\\\/producto\\\/cantimplora-aluminio-sonic-500ml\\\/#primaryimage\",\"url\":\"https:\\\/\\\/www.elsuenoanimado.com\\\/wp-content\\\/uploads\\\/1003226.jpg\",\"contentUrl\":\"https:\\\/\\\/www.elsuenoanimado.com\\\/wp-content\\\/uploads\\\/1003226.jpg\",\"width\":395,\"height\":360},{\"@type\":\"BreadcrumbList\",\"@id\":\"https:\\\/\\\/www.elsuenoanimado.com\\\/index.php\\\/producto\\\/cantimplora-aluminio-sonic-500ml\\\/#breadcrumb\",\"itemListElement\":[{\"@type\":\"ListItem\",\"position\":1,\"name\":\"Portada\",\"item\":\"https:\\\/\\\/www.elsuenoanimado.com\\\/\"},{\"@type\":\"ListItem\",\"position\":2,\"name\":\"Tienda\",\"item\":\"https:\\\/\\\/www.elsuenoanimado.com\\\/index.php\\\/tienda\\\/\"},{\"@type\":\"ListItem\",\"position\":3,\"name\":\"Cantimplora aluminio Sonic 500ml\"}]},{\"@type\":\"WebSite\",\"@id\":\"https:\\\/\\\/www.elsuenoanimado.com\\\/#website\",\"url\":\"https:\\\/\\\/www.elsuenoanimado.com\\\/\",\"name\":\"El Sueno Animado\",\"description\":\"Regalos y merchandising oficial\",\"publisher\":{\"@id\":\"https:\\\/\\\/www.elsuenoanimado.com\\\/#organization\"},\"potentialAction\":[{\"@type\":\"SearchAction\",\"target\":{\"@type\":\"EntryPoint\",\"urlTemplate\":\"https:\\\/\\\/www.elsuenoanimado.com\\\/?s={search_term_string}\"},\"query-input\":{\"@type\":\"PropertyValueSpecification\",\"valueRequired\":true,\"valueName\":\"search_term_string\"}}],\"inLanguage\":\"es\"},{\"@type\":\"Organization\",\"@id\":\"https:\\\/\\\/www.elsuenoanimado.com\\\/#organization\",\"name\":\"El Sueno Animado\",\"url\":\"https:\\\/\\\/www.elsuenoanimado.com\\\/\",\"logo\":{\"@type\":\"ImageObject\",\"inLanguage\":\"es\",\"@id\":\"https:\\\/\\\/www.elsuenoanimado.com\\\/#\\\/schema\\\/logo\\\/image\\\/\",\"url\":\"https:\\\/\\\/www.elsuenoanimado.com\\\/wp-content\\\/uploads\\\/0001Logo.png\",\"contentUrl\":\"https:\\\/\\\/www.elsuenoanimado.com\\\/wp-content\\\/uploads\\\/0001Logo.png\",\"width\":509,\"height\":507,\"caption\":\"El Sueno Animado\"},\"image\":{\"@id\":\"https:\\\/\\\/www.elsuenoanimado.com\\\/#\\\/schema\\\/logo\\\/image\\\/\"},\"sameAs\":[\"https:\\\/\\\/www.facebook.com\\\/elsuenoanimado\",\"https:\\\/\\\/www.instagram.com\\\/el_sueno_animado\"]}]}<\/script>\n<!-- \/ Yoast SEO plugin. -->","yoast_head_json":{"title":"Cantimplora aluminio Sonic 500ml - El Sueno Animado","robots":{"index":"index","follow":"follow","max-snippet":"max-snippet:-1","max-image-preview":"max-image-preview:large","max-video-preview":"max-video-preview:-1"},"canonical":"https:\/\/www.elsuenoanimado.com\/index.php\/producto\/cantimplora-aluminio-sonic-500ml\/","og_locale":"es_ES","og_type":"article","og_title":"Cantimplora aluminio Sonic 500ml - El Sueno Animado","og_description":"Cantimplora aluminio Sonic 500ml","og_url":"https:\/\/www.elsuenoanimado.com\/index.php\/producto\/cantimplora-aluminio-sonic-500ml\/","og_site_name":"El Sueno Animado","article_publisher":"https:\/\/www.facebook.com\/elsuenoanimado","twitter_card":"summary_large_image","schema":{"@context":"https:\/\/schema.org","@graph":[{"@type":"WebPage","@id":"https:\/\/www.elsuenoanimado.com\/index.php\/producto\/cantimplora-aluminio-sonic-500ml\/","url":"https:\/\/www.elsuenoanimado.com\/index.php\/producto\/cantimplora-aluminio-sonic-500ml\/","name":"Cantimplora aluminio Sonic 500ml - El Sueno Animado","isPartOf":{"@id":"https:\/\/www.elsuenoanimado.com\/#website"},"primaryImageOfPage":{"@id":"https:\/\/www.elsuenoanimado.com\/index.php\/producto\/cantimplora-aluminio-sonic-500ml\/#primaryimage"},"image":{"@id":"https:\/\/www.elsuenoanimado.com\/index.php\/producto\/cantimplora-aluminio-sonic-500ml\/#primaryimage"},"thumbnailUrl":"https:\/\/www.elsuenoanimado.com\/wp-content\/uploads\/1003226.jpg","datePublished":"2026-02-25T13:12:01+00:00","breadcrumb":{"@id":"https:\/\/www.elsuenoanimado.com\/index.php\/producto\/cantimplora-aluminio-sonic-500ml\/#breadcrumb"},"inLanguage":"es","potentialAction":[{"@type":"ReadAction","target":["https:\/\/www.elsuenoanimado.com\/index.php\/producto\/cantimplora-aluminio-sonic-500ml\/"]}]},{"@type":"ImageObject","inLanguage":"es","@id":"https:\/\/www.elsuenoanimado.com\/index.php\/producto\/cantimplora-aluminio-sonic-500ml\/#primaryimage","url":"https:\/\/www.elsuenoanimado.com\/wp-content\/uploads\/1003226.jpg","contentUrl":"https:\/\/www.elsuenoanimado.com\/wp-content\/uploads\/1003226.jpg","width":395,"height":360},{"@type":"BreadcrumbList","@id":"https:\/\/www.elsuenoanimado.com\/index.php\/producto\/cantimplora-aluminio-sonic-500ml\/#breadcrumb","itemListElement":[{"@type":"ListItem","position":1,"name":"Portada","item":"https:\/\/www.elsuenoanimado.com\/"},{"@type":"ListItem","position":2,"name":"Tienda","item":"https:\/\/www.elsuenoanimado.com\/index.php\/tienda\/"},{"@type":"ListItem","position":3,"name":"Cantimplora aluminio Sonic 500ml"}]},{"@type":"WebSite","@id":"https:\/\/www.elsuenoanimado.com\/#website","url":"https:\/\/www.elsuenoanimado.com\/","name":"El Sueno Animado","description":"Regalos y merchandising oficial","publisher":{"@id":"https:\/\/www.elsuenoanimado.com\/#organization"},"potentialAction":[{"@type":"SearchAction","target":{"@type":"EntryPoint","urlTemplate":"https:\/\/www.elsuenoanimado.com\/?s={search_term_string}"},"query-input":{"@type":"PropertyValueSpecification","valueRequired":true,"valueName":"search_term_string"}}],"inLanguage":"es"},{"@type":"Organization","@id":"https:\/\/www.elsuenoanimado.com\/#organization","name":"El Sueno Animado","url":"https:\/\/www.elsuenoanimado.com\/","logo":{"@type":"ImageObject","inLanguage":"es","@id":"https:\/\/www.elsuenoanimado.com\/#\/schema\/logo\/image\/","url":"https:\/\/www.elsuenoanimado.com\/wp-content\/uploads\/0001Logo.png","contentUrl":"https:\/\/www.elsuenoanimado.com\/wp-content\/uploads\/0001Logo.png","width":509,"height":507,"caption":"El Sueno Animado"},"image":{"@id":"https:\/\/www.elsuenoanimado.com\/#\/schema\/logo\/image\/"},"sameAs":["https:\/\/www.facebook.com\/elsuenoanimado","https:\/\/www.instagram.com\/el_sueno_animado"]}]}},"_links":{"self":[{"href":"https:\/\/www.elsuenoanimado.com\/index.php\/wp-json\/wp\/v2\/product\/72759","targetHints":{"allow":["GET"]}}],"collection":[{"href":"https:\/\/www.elsuenoanimado.com\/index.php\/wp-json\/wp\/v2\/product"}],"about":[{"href":"https:\/\/www.elsuenoanimado.com\/index.php\/wp-json\/wp\/v2\/types\/product"}],"replies":[{"embeddable":true,"href":"https:\/\/www.elsuenoanimado.com\/index.php\/wp-json\/wp\/v2\/comments?post=72759"}],"wp:featuredmedia":[{"embeddable":true,"href":"https:\/\/www.elsuenoanimado.com\/index.php\/wp-json\/wp\/v2\/media\/76591"}],"wp:attachment":[{"href":"https:\/\/www.elsuenoanimado.com\/index.php\/wp-json\/wp\/v2\/media?parent=72759"}],"wp:term":[{"taxonomy":"product_brand","embeddable":true,"href":"https:\/\/www.elsuenoanimado.com\/index.php\/wp-json\/wp\/v2\/product_brand?post=72759"},{"taxonomy":"product_cat","embeddable":true,"href":"https:\/\/www.elsuenoanimado.com\/index.php\/wp-json\/wp\/v2\/product_cat?post=72759"},{"taxonomy":"product_tag","embeddable":true,"href":"https:\/\/www.elsuenoanimado.com\/index.php\/wp-json\/wp\/v2\/product_tag?post=72759"}],"curies":[{"name":"wp","href":"https:\/\/api.w.org\/{rel}","templated":true}]}}