{"id":73253,"date":"2026-02-25T13:23:24","date_gmt":"2026-02-25T13:23:24","guid":{"rendered":"https:\/\/www.elsuenoanimado.com\/index.php\/producto\/maleta-de-cabina-minnie-sunny-day-flores\/"},"modified":"2026-02-25T13:23:24","modified_gmt":"2026-02-25T13:23:24","slug":"maleta-de-cabina-minnie-sunny-day-flores","status":"publish","type":"product","link":"https:\/\/www.elsuenoanimado.com\/index.php\/producto\/maleta-de-cabina-minnie-sunny-day-flores\/","title":{"rendered":"Maleta de cabina Minnie Sunny Day Flores"},"content":{"rendered":"<p>La alegr\u00eda de la ratoncita m\u00e1s famosa de Disney se hace presente en esta colecci\u00f3n de maletas Minnie Sunny Day. Seis divertidos dise\u00f1os con el colorido y la coqueter\u00eda de Minnie para que te acompa\u00f1en en tus viajes. Puedes organizar bien tu ropa en el interior de las maletas ya que cuentan con un compartimento de cremallera por un lado y gomas de sujeci\u00f3n en el otro. Tus desplazamientos ser\u00e1n c\u00f3modos y seguros ya que las maletas tienen cuatro ruedas dobles de giro multidireccional y cierre de combinaci\u00f3n lateral. Adem\u00e1s cuentas con neceseres en ABS a juego para que lo enganches a tu maleta y lleves todo lo que necesites para tu pr\u00f3xima aventura con Minnie Mouse.    Material: ABS  Medidas: 55 x 38 x 20cm.  Medidas Interior: 47 x 36 x 20cm.  Peso: 2.6Kg.  Capacidad: 34L.                                                                                                                                                                                                                                                                                                                                                                                                                                                                                                                                                                                                                                                                                                                                                                                                                                                                                                                                                                                                                                        <\/p>\n","protected":false},"excerpt":{"rendered":"<p>Maleta de cabina Minnie Sunny Day Flores<\/p>\n","protected":false},"featured_media":77258,"comment_status":"open","ping_status":"closed","template":"","meta":[],"product_brand":[],"product_cat":[3345],"product_tag":[2930],"class_list":{"0":"post-73253","1":"product","2":"type-product","3":"status-publish","4":"has-post-thumbnail","6":"product_cat-mochilas_y_escolar_mochilas_bolsos_carteras_rinoneras_y_estuches_portatodo_juvenil","7":"product_tag-disney","8":"thunk-woo-product-list","9":"open-woo-hover-zoom","10":"open-single-product-tab-horizontal","11":"open-shadow-","12":"open-shadow-hover-","14":"first","15":"instock","16":"shipping-taxable","17":"purchasable","18":"product-type-simple"},"yoast_head":"<!-- This site is optimized with the Yoast SEO plugin v27.3 - https:\/\/yoast.com\/product\/yoast-seo-wordpress\/ -->\n<title>Maleta de cabina Minnie Sunny Day Flores - El Sueno Animado<\/title>\n<meta name=\"robots\" content=\"index, follow, max-snippet:-1, max-image-preview:large, max-video-preview:-1\" \/>\n<link rel=\"canonical\" href=\"https:\/\/www.elsuenoanimado.com\/index.php\/producto\/maleta-de-cabina-minnie-sunny-day-flores\/\" \/>\n<meta property=\"og:locale\" content=\"es_ES\" \/>\n<meta property=\"og:type\" content=\"article\" \/>\n<meta property=\"og:title\" content=\"Maleta de cabina Minnie Sunny Day Flores - El Sueno Animado\" \/>\n<meta property=\"og:description\" content=\"Maleta de cabina Minnie Sunny Day Flores\" \/>\n<meta property=\"og:url\" content=\"https:\/\/www.elsuenoanimado.com\/index.php\/producto\/maleta-de-cabina-minnie-sunny-day-flores\/\" \/>\n<meta property=\"og:site_name\" content=\"El Sueno Animado\" \/>\n<meta property=\"article:publisher\" content=\"https:\/\/www.facebook.com\/elsuenoanimado\" \/>\n<meta name=\"twitter:card\" content=\"summary_large_image\" \/>\n<meta name=\"twitter:label1\" content=\"Tiempo de lectura\" \/>\n\t<meta name=\"twitter:data1\" content=\"1 minuto\" \/>\n<script type=\"application\/ld+json\" class=\"yoast-schema-graph\">{\"@context\":\"https:\\\/\\\/schema.org\",\"@graph\":[{\"@type\":\"WebPage\",\"@id\":\"https:\\\/\\\/www.elsuenoanimado.com\\\/index.php\\\/producto\\\/maleta-de-cabina-minnie-sunny-day-flores\\\/\",\"url\":\"https:\\\/\\\/www.elsuenoanimado.com\\\/index.php\\\/producto\\\/maleta-de-cabina-minnie-sunny-day-flores\\\/\",\"name\":\"Maleta de cabina Minnie Sunny Day Flores - El Sueno Animado\",\"isPartOf\":{\"@id\":\"https:\\\/\\\/www.elsuenoanimado.com\\\/#website\"},\"primaryImageOfPage\":{\"@id\":\"https:\\\/\\\/www.elsuenoanimado.com\\\/index.php\\\/producto\\\/maleta-de-cabina-minnie-sunny-day-flores\\\/#primaryimage\"},\"image\":{\"@id\":\"https:\\\/\\\/www.elsuenoanimado.com\\\/index.php\\\/producto\\\/maleta-de-cabina-minnie-sunny-day-flores\\\/#primaryimage\"},\"thumbnailUrl\":\"https:\\\/\\\/www.elsuenoanimado.com\\\/wp-content\\\/uploads\\\/1003736.jpg\",\"datePublished\":\"2026-02-25T13:23:24+00:00\",\"breadcrumb\":{\"@id\":\"https:\\\/\\\/www.elsuenoanimado.com\\\/index.php\\\/producto\\\/maleta-de-cabina-minnie-sunny-day-flores\\\/#breadcrumb\"},\"inLanguage\":\"es\",\"potentialAction\":[{\"@type\":\"ReadAction\",\"target\":[\"https:\\\/\\\/www.elsuenoanimado.com\\\/index.php\\\/producto\\\/maleta-de-cabina-minnie-sunny-day-flores\\\/\"]}]},{\"@type\":\"ImageObject\",\"inLanguage\":\"es\",\"@id\":\"https:\\\/\\\/www.elsuenoanimado.com\\\/index.php\\\/producto\\\/maleta-de-cabina-minnie-sunny-day-flores\\\/#primaryimage\",\"url\":\"https:\\\/\\\/www.elsuenoanimado.com\\\/wp-content\\\/uploads\\\/1003736.jpg\",\"contentUrl\":\"https:\\\/\\\/www.elsuenoanimado.com\\\/wp-content\\\/uploads\\\/1003736.jpg\",\"width\":824,\"height\":1280},{\"@type\":\"BreadcrumbList\",\"@id\":\"https:\\\/\\\/www.elsuenoanimado.com\\\/index.php\\\/producto\\\/maleta-de-cabina-minnie-sunny-day-flores\\\/#breadcrumb\",\"itemListElement\":[{\"@type\":\"ListItem\",\"position\":1,\"name\":\"Portada\",\"item\":\"https:\\\/\\\/www.elsuenoanimado.com\\\/\"},{\"@type\":\"ListItem\",\"position\":2,\"name\":\"Tienda\",\"item\":\"https:\\\/\\\/www.elsuenoanimado.com\\\/index.php\\\/tienda\\\/\"},{\"@type\":\"ListItem\",\"position\":3,\"name\":\"Maleta de cabina Minnie Sunny Day Flores\"}]},{\"@type\":\"WebSite\",\"@id\":\"https:\\\/\\\/www.elsuenoanimado.com\\\/#website\",\"url\":\"https:\\\/\\\/www.elsuenoanimado.com\\\/\",\"name\":\"El Sueno Animado\",\"description\":\"Regalos y merchandising oficial\",\"publisher\":{\"@id\":\"https:\\\/\\\/www.elsuenoanimado.com\\\/#organization\"},\"potentialAction\":[{\"@type\":\"SearchAction\",\"target\":{\"@type\":\"EntryPoint\",\"urlTemplate\":\"https:\\\/\\\/www.elsuenoanimado.com\\\/?s={search_term_string}\"},\"query-input\":{\"@type\":\"PropertyValueSpecification\",\"valueRequired\":true,\"valueName\":\"search_term_string\"}}],\"inLanguage\":\"es\"},{\"@type\":\"Organization\",\"@id\":\"https:\\\/\\\/www.elsuenoanimado.com\\\/#organization\",\"name\":\"El Sueno Animado\",\"url\":\"https:\\\/\\\/www.elsuenoanimado.com\\\/\",\"logo\":{\"@type\":\"ImageObject\",\"inLanguage\":\"es\",\"@id\":\"https:\\\/\\\/www.elsuenoanimado.com\\\/#\\\/schema\\\/logo\\\/image\\\/\",\"url\":\"https:\\\/\\\/www.elsuenoanimado.com\\\/wp-content\\\/uploads\\\/0001Logo.png\",\"contentUrl\":\"https:\\\/\\\/www.elsuenoanimado.com\\\/wp-content\\\/uploads\\\/0001Logo.png\",\"width\":509,\"height\":507,\"caption\":\"El Sueno Animado\"},\"image\":{\"@id\":\"https:\\\/\\\/www.elsuenoanimado.com\\\/#\\\/schema\\\/logo\\\/image\\\/\"},\"sameAs\":[\"https:\\\/\\\/www.facebook.com\\\/elsuenoanimado\",\"https:\\\/\\\/www.instagram.com\\\/el_sueno_animado\"]}]}<\/script>\n<!-- \/ Yoast SEO plugin. -->","yoast_head_json":{"title":"Maleta de cabina Minnie Sunny Day Flores - El Sueno Animado","robots":{"index":"index","follow":"follow","max-snippet":"max-snippet:-1","max-image-preview":"max-image-preview:large","max-video-preview":"max-video-preview:-1"},"canonical":"https:\/\/www.elsuenoanimado.com\/index.php\/producto\/maleta-de-cabina-minnie-sunny-day-flores\/","og_locale":"es_ES","og_type":"article","og_title":"Maleta de cabina Minnie Sunny Day Flores - El Sueno Animado","og_description":"Maleta de cabina Minnie Sunny Day Flores","og_url":"https:\/\/www.elsuenoanimado.com\/index.php\/producto\/maleta-de-cabina-minnie-sunny-day-flores\/","og_site_name":"El Sueno Animado","article_publisher":"https:\/\/www.facebook.com\/elsuenoanimado","twitter_card":"summary_large_image","twitter_misc":{"Tiempo de lectura":"1 minuto"},"schema":{"@context":"https:\/\/schema.org","@graph":[{"@type":"WebPage","@id":"https:\/\/www.elsuenoanimado.com\/index.php\/producto\/maleta-de-cabina-minnie-sunny-day-flores\/","url":"https:\/\/www.elsuenoanimado.com\/index.php\/producto\/maleta-de-cabina-minnie-sunny-day-flores\/","name":"Maleta de cabina Minnie Sunny Day Flores - El Sueno Animado","isPartOf":{"@id":"https:\/\/www.elsuenoanimado.com\/#website"},"primaryImageOfPage":{"@id":"https:\/\/www.elsuenoanimado.com\/index.php\/producto\/maleta-de-cabina-minnie-sunny-day-flores\/#primaryimage"},"image":{"@id":"https:\/\/www.elsuenoanimado.com\/index.php\/producto\/maleta-de-cabina-minnie-sunny-day-flores\/#primaryimage"},"thumbnailUrl":"https:\/\/www.elsuenoanimado.com\/wp-content\/uploads\/1003736.jpg","datePublished":"2026-02-25T13:23:24+00:00","breadcrumb":{"@id":"https:\/\/www.elsuenoanimado.com\/index.php\/producto\/maleta-de-cabina-minnie-sunny-day-flores\/#breadcrumb"},"inLanguage":"es","potentialAction":[{"@type":"ReadAction","target":["https:\/\/www.elsuenoanimado.com\/index.php\/producto\/maleta-de-cabina-minnie-sunny-day-flores\/"]}]},{"@type":"ImageObject","inLanguage":"es","@id":"https:\/\/www.elsuenoanimado.com\/index.php\/producto\/maleta-de-cabina-minnie-sunny-day-flores\/#primaryimage","url":"https:\/\/www.elsuenoanimado.com\/wp-content\/uploads\/1003736.jpg","contentUrl":"https:\/\/www.elsuenoanimado.com\/wp-content\/uploads\/1003736.jpg","width":824,"height":1280},{"@type":"BreadcrumbList","@id":"https:\/\/www.elsuenoanimado.com\/index.php\/producto\/maleta-de-cabina-minnie-sunny-day-flores\/#breadcrumb","itemListElement":[{"@type":"ListItem","position":1,"name":"Portada","item":"https:\/\/www.elsuenoanimado.com\/"},{"@type":"ListItem","position":2,"name":"Tienda","item":"https:\/\/www.elsuenoanimado.com\/index.php\/tienda\/"},{"@type":"ListItem","position":3,"name":"Maleta de cabina Minnie Sunny Day Flores"}]},{"@type":"WebSite","@id":"https:\/\/www.elsuenoanimado.com\/#website","url":"https:\/\/www.elsuenoanimado.com\/","name":"El Sueno Animado","description":"Regalos y merchandising oficial","publisher":{"@id":"https:\/\/www.elsuenoanimado.com\/#organization"},"potentialAction":[{"@type":"SearchAction","target":{"@type":"EntryPoint","urlTemplate":"https:\/\/www.elsuenoanimado.com\/?s={search_term_string}"},"query-input":{"@type":"PropertyValueSpecification","valueRequired":true,"valueName":"search_term_string"}}],"inLanguage":"es"},{"@type":"Organization","@id":"https:\/\/www.elsuenoanimado.com\/#organization","name":"El Sueno Animado","url":"https:\/\/www.elsuenoanimado.com\/","logo":{"@type":"ImageObject","inLanguage":"es","@id":"https:\/\/www.elsuenoanimado.com\/#\/schema\/logo\/image\/","url":"https:\/\/www.elsuenoanimado.com\/wp-content\/uploads\/0001Logo.png","contentUrl":"https:\/\/www.elsuenoanimado.com\/wp-content\/uploads\/0001Logo.png","width":509,"height":507,"caption":"El Sueno Animado"},"image":{"@id":"https:\/\/www.elsuenoanimado.com\/#\/schema\/logo\/image\/"},"sameAs":["https:\/\/www.facebook.com\/elsuenoanimado","https:\/\/www.instagram.com\/el_sueno_animado"]}]}},"_links":{"self":[{"href":"https:\/\/www.elsuenoanimado.com\/index.php\/wp-json\/wp\/v2\/product\/73253","targetHints":{"allow":["GET"]}}],"collection":[{"href":"https:\/\/www.elsuenoanimado.com\/index.php\/wp-json\/wp\/v2\/product"}],"about":[{"href":"https:\/\/www.elsuenoanimado.com\/index.php\/wp-json\/wp\/v2\/types\/product"}],"replies":[{"embeddable":true,"href":"https:\/\/www.elsuenoanimado.com\/index.php\/wp-json\/wp\/v2\/comments?post=73253"}],"wp:featuredmedia":[{"embeddable":true,"href":"https:\/\/www.elsuenoanimado.com\/index.php\/wp-json\/wp\/v2\/media\/77258"}],"wp:attachment":[{"href":"https:\/\/www.elsuenoanimado.com\/index.php\/wp-json\/wp\/v2\/media?parent=73253"}],"wp:term":[{"taxonomy":"product_brand","embeddable":true,"href":"https:\/\/www.elsuenoanimado.com\/index.php\/wp-json\/wp\/v2\/product_brand?post=73253"},{"taxonomy":"product_cat","embeddable":true,"href":"https:\/\/www.elsuenoanimado.com\/index.php\/wp-json\/wp\/v2\/product_cat?post=73253"},{"taxonomy":"product_tag","embeddable":true,"href":"https:\/\/www.elsuenoanimado.com\/index.php\/wp-json\/wp\/v2\/product_tag?post=73253"}],"curies":[{"name":"wp","href":"https:\/\/api.w.org\/{rel}","templated":true}]}}