{"id":73254,"date":"2026-02-25T13:23:25","date_gmt":"2026-02-25T13:23:25","guid":{"rendered":"https:\/\/www.elsuenoanimado.com\/index.php\/producto\/maleta-de-cabina-villanas-disney-rigida\/"},"modified":"2026-02-25T13:23:25","modified_gmt":"2026-02-25T13:23:25","slug":"maleta-de-cabina-villanas-disney-rigida","status":"publish","type":"product","link":"https:\/\/www.elsuenoanimado.com\/index.php\/producto\/maleta-de-cabina-villanas-disney-rigida\/","title":{"rendered":"Maleta de cabina Villanas Disney r\u00edgida"},"content":{"rendered":"<p>\u00edQue locura de maletas y neceseres nos trae esta nueva temporada Disney!. Las hay de varios colores, de varios personajes y con diferentes estampados. Las hay trolleys, medianas y en juego completo. Somos conscientes que aparte de preciosas y practicas, no sabr\u00e1s con cual quedarte porque todas te encantar\u00e1n. Cada una tiene y lleva su magia consigo, pero quien debe de elegir la historia que se escribir\u00e1 tendr\u00e1s que ser t\u00fa, ya que ser\u00e1 tu acompa\u00f1ante de todas las aventuras que est\u00e1n por venir. Sus materiales resistentes, con muy buenos acabados te permitir\u00e1n tener la total tranquilidad de que tus pertenencias m\u00e1s preciadas estar\u00e1n siempre muy bien resguardadas y protegidas. Sus ruedas dobles aportar\u00e1n mayor estabilidad a la maleta y sus compartimentos internos te permitir\u00e1n llevar todo mucho mas ordenado. \u00edQue esta nueva temporada venga llena de aventuras, anecdotas y recuerdos que contar!    Material: ABS  Medidas: 55 x 38 x 20cm.  Medidas Interior: 47 x 36 x 20cm.  Peso: 2.6Kg.  Capacidad: 34L.                                                                                                                                                                                                                                                                                                                                                                                                                                                                                                                                                                                                                                                                                                                                                                                                                                                                                                                                                                                                                                        <\/p>\n","protected":false},"excerpt":{"rendered":"<p>Maleta de cabina Villanas Disney r\u00edgida<\/p>\n","protected":false},"featured_media":77266,"comment_status":"open","ping_status":"closed","template":"","meta":[],"product_brand":[],"product_cat":[3345],"product_tag":[2930],"class_list":{"0":"post-73254","1":"product","2":"type-product","3":"status-publish","4":"has-post-thumbnail","6":"product_cat-mochilas_y_escolar_mochilas_bolsos_carteras_rinoneras_y_estuches_portatodo_juvenil","7":"product_tag-disney","8":"thunk-woo-product-list","9":"open-woo-hover-zoom","10":"open-single-product-tab-horizontal","11":"open-shadow-","12":"open-shadow-hover-","14":"first","15":"instock","16":"shipping-taxable","17":"purchasable","18":"product-type-simple"},"yoast_head":"<!-- This site is optimized with the Yoast SEO plugin v27.3 - https:\/\/yoast.com\/product\/yoast-seo-wordpress\/ -->\n<title>Maleta de cabina Villanas Disney r\u00edgida - El Sueno Animado<\/title>\n<meta name=\"robots\" content=\"index, follow, max-snippet:-1, max-image-preview:large, max-video-preview:-1\" \/>\n<link rel=\"canonical\" href=\"https:\/\/www.elsuenoanimado.com\/index.php\/producto\/maleta-de-cabina-villanas-disney-rigida\/\" \/>\n<meta property=\"og:locale\" content=\"es_ES\" \/>\n<meta property=\"og:type\" content=\"article\" \/>\n<meta property=\"og:title\" content=\"Maleta de cabina Villanas Disney r\u00edgida - El Sueno Animado\" \/>\n<meta property=\"og:description\" content=\"Maleta de cabina Villanas Disney r\u00edgida\" \/>\n<meta property=\"og:url\" content=\"https:\/\/www.elsuenoanimado.com\/index.php\/producto\/maleta-de-cabina-villanas-disney-rigida\/\" \/>\n<meta property=\"og:site_name\" content=\"El Sueno Animado\" \/>\n<meta property=\"article:publisher\" content=\"https:\/\/www.facebook.com\/elsuenoanimado\" \/>\n<meta name=\"twitter:card\" content=\"summary_large_image\" \/>\n<meta name=\"twitter:label1\" content=\"Tiempo de lectura\" \/>\n\t<meta name=\"twitter:data1\" content=\"1 minuto\" \/>\n<script type=\"application\/ld+json\" class=\"yoast-schema-graph\">{\"@context\":\"https:\\\/\\\/schema.org\",\"@graph\":[{\"@type\":\"WebPage\",\"@id\":\"https:\\\/\\\/www.elsuenoanimado.com\\\/index.php\\\/producto\\\/maleta-de-cabina-villanas-disney-rigida\\\/\",\"url\":\"https:\\\/\\\/www.elsuenoanimado.com\\\/index.php\\\/producto\\\/maleta-de-cabina-villanas-disney-rigida\\\/\",\"name\":\"Maleta de cabina Villanas Disney r\u00edgida - El Sueno Animado\",\"isPartOf\":{\"@id\":\"https:\\\/\\\/www.elsuenoanimado.com\\\/#website\"},\"primaryImageOfPage\":{\"@id\":\"https:\\\/\\\/www.elsuenoanimado.com\\\/index.php\\\/producto\\\/maleta-de-cabina-villanas-disney-rigida\\\/#primaryimage\"},\"image\":{\"@id\":\"https:\\\/\\\/www.elsuenoanimado.com\\\/index.php\\\/producto\\\/maleta-de-cabina-villanas-disney-rigida\\\/#primaryimage\"},\"thumbnailUrl\":\"https:\\\/\\\/www.elsuenoanimado.com\\\/wp-content\\\/uploads\\\/1003738.jpg\",\"datePublished\":\"2026-02-25T13:23:25+00:00\",\"breadcrumb\":{\"@id\":\"https:\\\/\\\/www.elsuenoanimado.com\\\/index.php\\\/producto\\\/maleta-de-cabina-villanas-disney-rigida\\\/#breadcrumb\"},\"inLanguage\":\"es\",\"potentialAction\":[{\"@type\":\"ReadAction\",\"target\":[\"https:\\\/\\\/www.elsuenoanimado.com\\\/index.php\\\/producto\\\/maleta-de-cabina-villanas-disney-rigida\\\/\"]}]},{\"@type\":\"ImageObject\",\"inLanguage\":\"es\",\"@id\":\"https:\\\/\\\/www.elsuenoanimado.com\\\/index.php\\\/producto\\\/maleta-de-cabina-villanas-disney-rigida\\\/#primaryimage\",\"url\":\"https:\\\/\\\/www.elsuenoanimado.com\\\/wp-content\\\/uploads\\\/1003738.jpg\",\"contentUrl\":\"https:\\\/\\\/www.elsuenoanimado.com\\\/wp-content\\\/uploads\\\/1003738.jpg\",\"width\":884,\"height\":1280},{\"@type\":\"BreadcrumbList\",\"@id\":\"https:\\\/\\\/www.elsuenoanimado.com\\\/index.php\\\/producto\\\/maleta-de-cabina-villanas-disney-rigida\\\/#breadcrumb\",\"itemListElement\":[{\"@type\":\"ListItem\",\"position\":1,\"name\":\"Portada\",\"item\":\"https:\\\/\\\/www.elsuenoanimado.com\\\/\"},{\"@type\":\"ListItem\",\"position\":2,\"name\":\"Tienda\",\"item\":\"https:\\\/\\\/www.elsuenoanimado.com\\\/index.php\\\/tienda\\\/\"},{\"@type\":\"ListItem\",\"position\":3,\"name\":\"Maleta de cabina Villanas Disney r\u00edgida\"}]},{\"@type\":\"WebSite\",\"@id\":\"https:\\\/\\\/www.elsuenoanimado.com\\\/#website\",\"url\":\"https:\\\/\\\/www.elsuenoanimado.com\\\/\",\"name\":\"El Sueno Animado\",\"description\":\"Regalos y merchandising oficial\",\"publisher\":{\"@id\":\"https:\\\/\\\/www.elsuenoanimado.com\\\/#organization\"},\"potentialAction\":[{\"@type\":\"SearchAction\",\"target\":{\"@type\":\"EntryPoint\",\"urlTemplate\":\"https:\\\/\\\/www.elsuenoanimado.com\\\/?s={search_term_string}\"},\"query-input\":{\"@type\":\"PropertyValueSpecification\",\"valueRequired\":true,\"valueName\":\"search_term_string\"}}],\"inLanguage\":\"es\"},{\"@type\":\"Organization\",\"@id\":\"https:\\\/\\\/www.elsuenoanimado.com\\\/#organization\",\"name\":\"El Sueno Animado\",\"url\":\"https:\\\/\\\/www.elsuenoanimado.com\\\/\",\"logo\":{\"@type\":\"ImageObject\",\"inLanguage\":\"es\",\"@id\":\"https:\\\/\\\/www.elsuenoanimado.com\\\/#\\\/schema\\\/logo\\\/image\\\/\",\"url\":\"https:\\\/\\\/www.elsuenoanimado.com\\\/wp-content\\\/uploads\\\/0001Logo.png\",\"contentUrl\":\"https:\\\/\\\/www.elsuenoanimado.com\\\/wp-content\\\/uploads\\\/0001Logo.png\",\"width\":509,\"height\":507,\"caption\":\"El Sueno Animado\"},\"image\":{\"@id\":\"https:\\\/\\\/www.elsuenoanimado.com\\\/#\\\/schema\\\/logo\\\/image\\\/\"},\"sameAs\":[\"https:\\\/\\\/www.facebook.com\\\/elsuenoanimado\",\"https:\\\/\\\/www.instagram.com\\\/el_sueno_animado\"]}]}<\/script>\n<!-- \/ Yoast SEO plugin. -->","yoast_head_json":{"title":"Maleta de cabina Villanas Disney r\u00edgida - El Sueno Animado","robots":{"index":"index","follow":"follow","max-snippet":"max-snippet:-1","max-image-preview":"max-image-preview:large","max-video-preview":"max-video-preview:-1"},"canonical":"https:\/\/www.elsuenoanimado.com\/index.php\/producto\/maleta-de-cabina-villanas-disney-rigida\/","og_locale":"es_ES","og_type":"article","og_title":"Maleta de cabina Villanas Disney r\u00edgida - El Sueno Animado","og_description":"Maleta de cabina Villanas Disney r\u00edgida","og_url":"https:\/\/www.elsuenoanimado.com\/index.php\/producto\/maleta-de-cabina-villanas-disney-rigida\/","og_site_name":"El Sueno Animado","article_publisher":"https:\/\/www.facebook.com\/elsuenoanimado","twitter_card":"summary_large_image","twitter_misc":{"Tiempo de lectura":"1 minuto"},"schema":{"@context":"https:\/\/schema.org","@graph":[{"@type":"WebPage","@id":"https:\/\/www.elsuenoanimado.com\/index.php\/producto\/maleta-de-cabina-villanas-disney-rigida\/","url":"https:\/\/www.elsuenoanimado.com\/index.php\/producto\/maleta-de-cabina-villanas-disney-rigida\/","name":"Maleta de cabina Villanas Disney r\u00edgida - El Sueno Animado","isPartOf":{"@id":"https:\/\/www.elsuenoanimado.com\/#website"},"primaryImageOfPage":{"@id":"https:\/\/www.elsuenoanimado.com\/index.php\/producto\/maleta-de-cabina-villanas-disney-rigida\/#primaryimage"},"image":{"@id":"https:\/\/www.elsuenoanimado.com\/index.php\/producto\/maleta-de-cabina-villanas-disney-rigida\/#primaryimage"},"thumbnailUrl":"https:\/\/www.elsuenoanimado.com\/wp-content\/uploads\/1003738.jpg","datePublished":"2026-02-25T13:23:25+00:00","breadcrumb":{"@id":"https:\/\/www.elsuenoanimado.com\/index.php\/producto\/maleta-de-cabina-villanas-disney-rigida\/#breadcrumb"},"inLanguage":"es","potentialAction":[{"@type":"ReadAction","target":["https:\/\/www.elsuenoanimado.com\/index.php\/producto\/maleta-de-cabina-villanas-disney-rigida\/"]}]},{"@type":"ImageObject","inLanguage":"es","@id":"https:\/\/www.elsuenoanimado.com\/index.php\/producto\/maleta-de-cabina-villanas-disney-rigida\/#primaryimage","url":"https:\/\/www.elsuenoanimado.com\/wp-content\/uploads\/1003738.jpg","contentUrl":"https:\/\/www.elsuenoanimado.com\/wp-content\/uploads\/1003738.jpg","width":884,"height":1280},{"@type":"BreadcrumbList","@id":"https:\/\/www.elsuenoanimado.com\/index.php\/producto\/maleta-de-cabina-villanas-disney-rigida\/#breadcrumb","itemListElement":[{"@type":"ListItem","position":1,"name":"Portada","item":"https:\/\/www.elsuenoanimado.com\/"},{"@type":"ListItem","position":2,"name":"Tienda","item":"https:\/\/www.elsuenoanimado.com\/index.php\/tienda\/"},{"@type":"ListItem","position":3,"name":"Maleta de cabina Villanas Disney r\u00edgida"}]},{"@type":"WebSite","@id":"https:\/\/www.elsuenoanimado.com\/#website","url":"https:\/\/www.elsuenoanimado.com\/","name":"El Sueno Animado","description":"Regalos y merchandising oficial","publisher":{"@id":"https:\/\/www.elsuenoanimado.com\/#organization"},"potentialAction":[{"@type":"SearchAction","target":{"@type":"EntryPoint","urlTemplate":"https:\/\/www.elsuenoanimado.com\/?s={search_term_string}"},"query-input":{"@type":"PropertyValueSpecification","valueRequired":true,"valueName":"search_term_string"}}],"inLanguage":"es"},{"@type":"Organization","@id":"https:\/\/www.elsuenoanimado.com\/#organization","name":"El Sueno Animado","url":"https:\/\/www.elsuenoanimado.com\/","logo":{"@type":"ImageObject","inLanguage":"es","@id":"https:\/\/www.elsuenoanimado.com\/#\/schema\/logo\/image\/","url":"https:\/\/www.elsuenoanimado.com\/wp-content\/uploads\/0001Logo.png","contentUrl":"https:\/\/www.elsuenoanimado.com\/wp-content\/uploads\/0001Logo.png","width":509,"height":507,"caption":"El Sueno Animado"},"image":{"@id":"https:\/\/www.elsuenoanimado.com\/#\/schema\/logo\/image\/"},"sameAs":["https:\/\/www.facebook.com\/elsuenoanimado","https:\/\/www.instagram.com\/el_sueno_animado"]}]}},"_links":{"self":[{"href":"https:\/\/www.elsuenoanimado.com\/index.php\/wp-json\/wp\/v2\/product\/73254","targetHints":{"allow":["GET"]}}],"collection":[{"href":"https:\/\/www.elsuenoanimado.com\/index.php\/wp-json\/wp\/v2\/product"}],"about":[{"href":"https:\/\/www.elsuenoanimado.com\/index.php\/wp-json\/wp\/v2\/types\/product"}],"replies":[{"embeddable":true,"href":"https:\/\/www.elsuenoanimado.com\/index.php\/wp-json\/wp\/v2\/comments?post=73254"}],"wp:featuredmedia":[{"embeddable":true,"href":"https:\/\/www.elsuenoanimado.com\/index.php\/wp-json\/wp\/v2\/media\/77266"}],"wp:attachment":[{"href":"https:\/\/www.elsuenoanimado.com\/index.php\/wp-json\/wp\/v2\/media?parent=73254"}],"wp:term":[{"taxonomy":"product_brand","embeddable":true,"href":"https:\/\/www.elsuenoanimado.com\/index.php\/wp-json\/wp\/v2\/product_brand?post=73254"},{"taxonomy":"product_cat","embeddable":true,"href":"https:\/\/www.elsuenoanimado.com\/index.php\/wp-json\/wp\/v2\/product_cat?post=73254"},{"taxonomy":"product_tag","embeddable":true,"href":"https:\/\/www.elsuenoanimado.com\/index.php\/wp-json\/wp\/v2\/product_tag?post=73254"}],"curies":[{"name":"wp","href":"https:\/\/api.w.org\/{rel}","templated":true}]}}