{"id":73471,"date":"2026-02-25T15:16:50","date_gmt":"2026-02-25T15:16:50","guid":{"rendered":"https:\/\/www.elsuenoanimado.com\/index.php\/producto\/maleta-correpasillos-one-upon-a-story\/"},"modified":"2026-02-25T15:16:50","modified_gmt":"2026-02-25T15:16:50","slug":"maleta-correpasillos-one-upon-a-story","status":"publish","type":"product","link":"https:\/\/www.elsuenoanimado.com\/index.php\/producto\/maleta-correpasillos-one-upon-a-story\/","title":{"rendered":"Maleta correpasillos One Upon a Story"},"content":{"rendered":"<p>El peso m\u00e1ximo recomendado que soporta la maleta es de 30kg. (Perfecta para un ni\u00f1o de entre 3 y 7 a\u00f1os)  Ruedas delanteras dobles de giro multidireccional.  Gomas el\u00e1sticas a ambos lados para mantener el equipaje organizado y cierre de combinaci\u00f3n lateral para aumentar la seguridad.    Medidas: 38x50x20cm  Material: ABS                                                                                                                                                                                                                                                                                                                                                                                                                                                                                                                                                                                                                                                                                                                                                                                                                                                                                                                                                                                                                                        <\/p>\n","protected":false},"excerpt":{"rendered":"<p>Maleta correpasillos One Upon a Story<\/p>\n","protected":false},"featured_media":77602,"comment_status":"open","ping_status":"closed","template":"","meta":[],"product_brand":[],"product_cat":[3344],"product_tag":[2930],"class_list":{"0":"post-73471","1":"product","2":"type-product","3":"status-publish","4":"has-post-thumbnail","6":"product_cat-mochilas_y_escolar_mochilas_bolsos_carteras_rinoneras_y_estuches_portatodo_infantil","7":"product_tag-disney","8":"thunk-woo-product-list","9":"open-woo-hover-zoom","10":"open-single-product-tab-horizontal","11":"open-shadow-","12":"open-shadow-hover-","14":"first","15":"instock","16":"shipping-taxable","17":"purchasable","18":"product-type-simple"},"yoast_head":"<!-- This site is optimized with the Yoast SEO plugin v27.3 - https:\/\/yoast.com\/product\/yoast-seo-wordpress\/ -->\n<title>Maleta correpasillos One Upon a Story - El Sueno Animado<\/title>\n<meta name=\"robots\" content=\"index, follow, max-snippet:-1, max-image-preview:large, max-video-preview:-1\" \/>\n<link rel=\"canonical\" href=\"https:\/\/www.elsuenoanimado.com\/index.php\/producto\/maleta-correpasillos-one-upon-a-story\/\" \/>\n<meta property=\"og:locale\" content=\"es_ES\" \/>\n<meta property=\"og:type\" content=\"article\" \/>\n<meta property=\"og:title\" content=\"Maleta correpasillos One Upon a Story - El Sueno Animado\" \/>\n<meta property=\"og:description\" content=\"Maleta correpasillos One Upon a Story\" \/>\n<meta property=\"og:url\" content=\"https:\/\/www.elsuenoanimado.com\/index.php\/producto\/maleta-correpasillos-one-upon-a-story\/\" \/>\n<meta property=\"og:site_name\" content=\"El Sueno Animado\" \/>\n<meta property=\"article:publisher\" content=\"https:\/\/www.facebook.com\/elsuenoanimado\" \/>\n<meta name=\"twitter:card\" content=\"summary_large_image\" \/>\n<script type=\"application\/ld+json\" class=\"yoast-schema-graph\">{\"@context\":\"https:\\\/\\\/schema.org\",\"@graph\":[{\"@type\":\"WebPage\",\"@id\":\"https:\\\/\\\/www.elsuenoanimado.com\\\/index.php\\\/producto\\\/maleta-correpasillos-one-upon-a-story\\\/\",\"url\":\"https:\\\/\\\/www.elsuenoanimado.com\\\/index.php\\\/producto\\\/maleta-correpasillos-one-upon-a-story\\\/\",\"name\":\"Maleta correpasillos One Upon a Story - El Sueno Animado\",\"isPartOf\":{\"@id\":\"https:\\\/\\\/www.elsuenoanimado.com\\\/#website\"},\"primaryImageOfPage\":{\"@id\":\"https:\\\/\\\/www.elsuenoanimado.com\\\/index.php\\\/producto\\\/maleta-correpasillos-one-upon-a-story\\\/#primaryimage\"},\"image\":{\"@id\":\"https:\\\/\\\/www.elsuenoanimado.com\\\/index.php\\\/producto\\\/maleta-correpasillos-one-upon-a-story\\\/#primaryimage\"},\"thumbnailUrl\":\"https:\\\/\\\/www.elsuenoanimado.com\\\/wp-content\\\/uploads\\\/1003987.jpg\",\"datePublished\":\"2026-02-25T15:16:50+00:00\",\"breadcrumb\":{\"@id\":\"https:\\\/\\\/www.elsuenoanimado.com\\\/index.php\\\/producto\\\/maleta-correpasillos-one-upon-a-story\\\/#breadcrumb\"},\"inLanguage\":\"es\",\"potentialAction\":[{\"@type\":\"ReadAction\",\"target\":[\"https:\\\/\\\/www.elsuenoanimado.com\\\/index.php\\\/producto\\\/maleta-correpasillos-one-upon-a-story\\\/\"]}]},{\"@type\":\"ImageObject\",\"inLanguage\":\"es\",\"@id\":\"https:\\\/\\\/www.elsuenoanimado.com\\\/index.php\\\/producto\\\/maleta-correpasillos-one-upon-a-story\\\/#primaryimage\",\"url\":\"https:\\\/\\\/www.elsuenoanimado.com\\\/wp-content\\\/uploads\\\/1003987.jpg\",\"contentUrl\":\"https:\\\/\\\/www.elsuenoanimado.com\\\/wp-content\\\/uploads\\\/1003987.jpg\",\"width\":1280,\"height\":1105},{\"@type\":\"BreadcrumbList\",\"@id\":\"https:\\\/\\\/www.elsuenoanimado.com\\\/index.php\\\/producto\\\/maleta-correpasillos-one-upon-a-story\\\/#breadcrumb\",\"itemListElement\":[{\"@type\":\"ListItem\",\"position\":1,\"name\":\"Portada\",\"item\":\"https:\\\/\\\/www.elsuenoanimado.com\\\/\"},{\"@type\":\"ListItem\",\"position\":2,\"name\":\"Tienda\",\"item\":\"https:\\\/\\\/www.elsuenoanimado.com\\\/index.php\\\/tienda\\\/\"},{\"@type\":\"ListItem\",\"position\":3,\"name\":\"Maleta correpasillos One Upon a Story\"}]},{\"@type\":\"WebSite\",\"@id\":\"https:\\\/\\\/www.elsuenoanimado.com\\\/#website\",\"url\":\"https:\\\/\\\/www.elsuenoanimado.com\\\/\",\"name\":\"El Sueno Animado\",\"description\":\"Regalos y merchandising oficial\",\"publisher\":{\"@id\":\"https:\\\/\\\/www.elsuenoanimado.com\\\/#organization\"},\"potentialAction\":[{\"@type\":\"SearchAction\",\"target\":{\"@type\":\"EntryPoint\",\"urlTemplate\":\"https:\\\/\\\/www.elsuenoanimado.com\\\/?s={search_term_string}\"},\"query-input\":{\"@type\":\"PropertyValueSpecification\",\"valueRequired\":true,\"valueName\":\"search_term_string\"}}],\"inLanguage\":\"es\"},{\"@type\":\"Organization\",\"@id\":\"https:\\\/\\\/www.elsuenoanimado.com\\\/#organization\",\"name\":\"El Sueno Animado\",\"url\":\"https:\\\/\\\/www.elsuenoanimado.com\\\/\",\"logo\":{\"@type\":\"ImageObject\",\"inLanguage\":\"es\",\"@id\":\"https:\\\/\\\/www.elsuenoanimado.com\\\/#\\\/schema\\\/logo\\\/image\\\/\",\"url\":\"https:\\\/\\\/www.elsuenoanimado.com\\\/wp-content\\\/uploads\\\/0001Logo.png\",\"contentUrl\":\"https:\\\/\\\/www.elsuenoanimado.com\\\/wp-content\\\/uploads\\\/0001Logo.png\",\"width\":509,\"height\":507,\"caption\":\"El Sueno Animado\"},\"image\":{\"@id\":\"https:\\\/\\\/www.elsuenoanimado.com\\\/#\\\/schema\\\/logo\\\/image\\\/\"},\"sameAs\":[\"https:\\\/\\\/www.facebook.com\\\/elsuenoanimado\",\"https:\\\/\\\/www.instagram.com\\\/el_sueno_animado\"]}]}<\/script>\n<!-- \/ Yoast SEO plugin. -->","yoast_head_json":{"title":"Maleta correpasillos One Upon a Story - El Sueno Animado","robots":{"index":"index","follow":"follow","max-snippet":"max-snippet:-1","max-image-preview":"max-image-preview:large","max-video-preview":"max-video-preview:-1"},"canonical":"https:\/\/www.elsuenoanimado.com\/index.php\/producto\/maleta-correpasillos-one-upon-a-story\/","og_locale":"es_ES","og_type":"article","og_title":"Maleta correpasillos One Upon a Story - El Sueno Animado","og_description":"Maleta correpasillos One Upon a Story","og_url":"https:\/\/www.elsuenoanimado.com\/index.php\/producto\/maleta-correpasillos-one-upon-a-story\/","og_site_name":"El Sueno Animado","article_publisher":"https:\/\/www.facebook.com\/elsuenoanimado","twitter_card":"summary_large_image","schema":{"@context":"https:\/\/schema.org","@graph":[{"@type":"WebPage","@id":"https:\/\/www.elsuenoanimado.com\/index.php\/producto\/maleta-correpasillos-one-upon-a-story\/","url":"https:\/\/www.elsuenoanimado.com\/index.php\/producto\/maleta-correpasillos-one-upon-a-story\/","name":"Maleta correpasillos One Upon a Story - El Sueno Animado","isPartOf":{"@id":"https:\/\/www.elsuenoanimado.com\/#website"},"primaryImageOfPage":{"@id":"https:\/\/www.elsuenoanimado.com\/index.php\/producto\/maleta-correpasillos-one-upon-a-story\/#primaryimage"},"image":{"@id":"https:\/\/www.elsuenoanimado.com\/index.php\/producto\/maleta-correpasillos-one-upon-a-story\/#primaryimage"},"thumbnailUrl":"https:\/\/www.elsuenoanimado.com\/wp-content\/uploads\/1003987.jpg","datePublished":"2026-02-25T15:16:50+00:00","breadcrumb":{"@id":"https:\/\/www.elsuenoanimado.com\/index.php\/producto\/maleta-correpasillos-one-upon-a-story\/#breadcrumb"},"inLanguage":"es","potentialAction":[{"@type":"ReadAction","target":["https:\/\/www.elsuenoanimado.com\/index.php\/producto\/maleta-correpasillos-one-upon-a-story\/"]}]},{"@type":"ImageObject","inLanguage":"es","@id":"https:\/\/www.elsuenoanimado.com\/index.php\/producto\/maleta-correpasillos-one-upon-a-story\/#primaryimage","url":"https:\/\/www.elsuenoanimado.com\/wp-content\/uploads\/1003987.jpg","contentUrl":"https:\/\/www.elsuenoanimado.com\/wp-content\/uploads\/1003987.jpg","width":1280,"height":1105},{"@type":"BreadcrumbList","@id":"https:\/\/www.elsuenoanimado.com\/index.php\/producto\/maleta-correpasillos-one-upon-a-story\/#breadcrumb","itemListElement":[{"@type":"ListItem","position":1,"name":"Portada","item":"https:\/\/www.elsuenoanimado.com\/"},{"@type":"ListItem","position":2,"name":"Tienda","item":"https:\/\/www.elsuenoanimado.com\/index.php\/tienda\/"},{"@type":"ListItem","position":3,"name":"Maleta correpasillos One Upon a Story"}]},{"@type":"WebSite","@id":"https:\/\/www.elsuenoanimado.com\/#website","url":"https:\/\/www.elsuenoanimado.com\/","name":"El Sueno Animado","description":"Regalos y merchandising oficial","publisher":{"@id":"https:\/\/www.elsuenoanimado.com\/#organization"},"potentialAction":[{"@type":"SearchAction","target":{"@type":"EntryPoint","urlTemplate":"https:\/\/www.elsuenoanimado.com\/?s={search_term_string}"},"query-input":{"@type":"PropertyValueSpecification","valueRequired":true,"valueName":"search_term_string"}}],"inLanguage":"es"},{"@type":"Organization","@id":"https:\/\/www.elsuenoanimado.com\/#organization","name":"El Sueno Animado","url":"https:\/\/www.elsuenoanimado.com\/","logo":{"@type":"ImageObject","inLanguage":"es","@id":"https:\/\/www.elsuenoanimado.com\/#\/schema\/logo\/image\/","url":"https:\/\/www.elsuenoanimado.com\/wp-content\/uploads\/0001Logo.png","contentUrl":"https:\/\/www.elsuenoanimado.com\/wp-content\/uploads\/0001Logo.png","width":509,"height":507,"caption":"El Sueno Animado"},"image":{"@id":"https:\/\/www.elsuenoanimado.com\/#\/schema\/logo\/image\/"},"sameAs":["https:\/\/www.facebook.com\/elsuenoanimado","https:\/\/www.instagram.com\/el_sueno_animado"]}]}},"_links":{"self":[{"href":"https:\/\/www.elsuenoanimado.com\/index.php\/wp-json\/wp\/v2\/product\/73471","targetHints":{"allow":["GET"]}}],"collection":[{"href":"https:\/\/www.elsuenoanimado.com\/index.php\/wp-json\/wp\/v2\/product"}],"about":[{"href":"https:\/\/www.elsuenoanimado.com\/index.php\/wp-json\/wp\/v2\/types\/product"}],"replies":[{"embeddable":true,"href":"https:\/\/www.elsuenoanimado.com\/index.php\/wp-json\/wp\/v2\/comments?post=73471"}],"wp:featuredmedia":[{"embeddable":true,"href":"https:\/\/www.elsuenoanimado.com\/index.php\/wp-json\/wp\/v2\/media\/77602"}],"wp:attachment":[{"href":"https:\/\/www.elsuenoanimado.com\/index.php\/wp-json\/wp\/v2\/media?parent=73471"}],"wp:term":[{"taxonomy":"product_brand","embeddable":true,"href":"https:\/\/www.elsuenoanimado.com\/index.php\/wp-json\/wp\/v2\/product_brand?post=73471"},{"taxonomy":"product_cat","embeddable":true,"href":"https:\/\/www.elsuenoanimado.com\/index.php\/wp-json\/wp\/v2\/product_cat?post=73471"},{"taxonomy":"product_tag","embeddable":true,"href":"https:\/\/www.elsuenoanimado.com\/index.php\/wp-json\/wp\/v2\/product_tag?post=73471"}],"curies":[{"name":"wp","href":"https:\/\/api.w.org\/{rel}","templated":true}]}}